{"id":9,"date":"2020-08-31T20:51:12","date_gmt":"2020-08-31T20:51:12","guid":{"rendered":"https:\/\/gpsites.co\/mason\/?page_id=9"},"modified":"2021-09-15T15:11:42","modified_gmt":"2021-09-15T13:11:42","slug":"about","status":"publish","type":"page","link":"https:\/\/imakafilms.com\/index.php\/about\/","title":{"rendered":"About Our Firm"},"content":{"rendered":"<div class=\"gb-container gb-container-cd67deb7\"><div class=\"gb-inside-container\">\n<div class=\"gb-grid-wrapper gb-grid-wrapper-22fb59e4\">\n<div class=\"gb-grid-column gb-grid-column-fb706260\"><div class=\"gb-container gb-container-fb706260\"><div class=\"gb-inside-container\">\n\n<p class=\"gb-headline gb-headline-5bc45f76 gb-headline-text\"><strong>IMAKA FILMS<\/strong><\/p>\n\n\n\n<div class=\"gb-headline gb-headline-2b2468aa\"><span class=\"gb-icon\"><svg viewBox=\"0 0 36.7 3\" xmlns=\"http:\/\/www.w3.org\/2000\/svg\"><path d=\"M0 0h36.7v3H0z\"><\/path><\/svg><\/span><\/div>\n\n\n\n<p>Cr\u00e9\u00e9e en septembre 2017, Imaka Films est une soci\u00e9t\u00e9 sp\u00e9cialis\u00e9e dans les activit\u00e9s de production cin\u00e9matographique et audiovisuelle.<br><\/p>\n\n\n\n<p>Nous faisons porter tous nos efforts vers la r\u00e9alisation de films de qualit\u00e9 avec l\u2019ambition de provoquer des rencontres entre talents et moyens de diffusion, favoriser le d\u00e9veloppement d\u2019une ligne \u00e9ditoriale originale s\u2019ouvrant \u00e0 de nouveaux espaces de production.<\/p>\n\n<\/div><\/div><\/div>\n\n<div class=\"gb-grid-column gb-grid-column-12924e5b\"><div class=\"gb-container gb-container-12924e5b\"><div class=\"gb-inside-container\">\n\n<figure class=\"wp-block-image size-large\"><img loading=\"lazy\" decoding=\"async\" width=\"1024\" height=\"576\" src=\"http:\/\/imakafilms.com\/wp-content\/uploads\/2021\/09\/lion-bleu-1024x576.jpg\" alt=\"\" class=\"wp-image-5412\" srcset=\"https:\/\/imakafilms.com\/wp-content\/uploads\/2021\/09\/lion-bleu-1024x576.jpg 1024w, https:\/\/imakafilms.com\/wp-content\/uploads\/2021\/09\/lion-bleu-300x169.jpg 300w, https:\/\/imakafilms.com\/wp-content\/uploads\/2021\/09\/lion-bleu-768x432.jpg 768w, https:\/\/imakafilms.com\/wp-content\/uploads\/2021\/09\/lion-bleu-1536x864.jpg 1536w, https:\/\/imakafilms.com\/wp-content\/uploads\/2021\/09\/lion-bleu.jpg 1920w\" sizes=\"auto, (max-width: 1024px) 100vw, 1024px\" \/><\/figure>\n\n\n<div class=\"gb-container gb-container-ec1a02a3\"><div class=\"gb-inside-container\"><\/div><\/div>\n\n\n<figure class=\"wp-block-image size-large\"><img loading=\"lazy\" decoding=\"async\" width=\"1024\" height=\"576\" src=\"http:\/\/imakafilms.com\/wp-content\/uploads\/2021\/09\/UFO-1024x576.jpg\" alt=\"\" class=\"wp-image-5431\" srcset=\"https:\/\/imakafilms.com\/wp-content\/uploads\/2021\/09\/UFO-1024x576.jpg 1024w, https:\/\/imakafilms.com\/wp-content\/uploads\/2021\/09\/UFO-300x169.jpg 300w, https:\/\/imakafilms.com\/wp-content\/uploads\/2021\/09\/UFO-768x432.jpg 768w, https:\/\/imakafilms.com\/wp-content\/uploads\/2021\/09\/UFO-1536x864.jpg 1536w, https:\/\/imakafilms.com\/wp-content\/uploads\/2021\/09\/UFO.jpg 1920w\" sizes=\"auto, (max-width: 1024px) 100vw, 1024px\" \/><\/figure>\n\n<\/div><\/div><\/div>\n<\/div>\n<\/div><\/div>\n\n<div class=\"gb-container gb-container-e6eabae9\"><div class=\"gb-inside-container\"><\/div><\/div>\n\n\n<p><\/p>\n","protected":false},"excerpt":{"rendered":"","protected":false},"author":1,"featured_media":0,"parent":0,"menu_order":0,"comment_status":"closed","ping_status":"closed","template":"","meta":{"_monsterinsights_skip_tracking":false,"_monsterinsights_sitenote_active":false,"_monsterinsights_sitenote_note":"","_monsterinsights_sitenote_category":0,"footnotes":""},"class_list":["post-9","page","type-page","status-publish"],"featured_image_urls_v2":{"full":"","thumbnail":"","medium":"","medium_large":"","large":"","1536x1536":"","2048x2048":""},"post_excerpt_stackable_v2":"<p>IMAKA FILMS Cr\u00e9\u00e9e en septembre 2017, Imaka Films est une soci\u00e9t\u00e9 sp\u00e9cialis\u00e9e dans les activit\u00e9s de production cin\u00e9matographique et audiovisuelle. Nous faisons porter tous nos efforts vers la r\u00e9alisation de films de qualit\u00e9 avec l\u2019ambition de provoquer des rencontres entre talents et moyens de diffusion, favoriser le d\u00e9veloppement d\u2019une ligne \u00e9ditoriale originale s\u2019ouvrant \u00e0 de nouveaux espaces de production.<\/p>\n","category_list_v2":"","author_info_v2":{"name":"admin3054","url":"https:\/\/imakafilms.com\/index.php\/author\/admin3054\/"},"comments_num_v2":"0 comments","uagb_featured_image_src":{"full":false,"thumbnail":false,"medium":false,"medium_large":false,"large":false,"1536x1536":false,"2048x2048":false},"uagb_author_info":{"display_name":"admin3054","author_link":"https:\/\/imakafilms.com\/index.php\/author\/admin3054\/"},"uagb_comment_info":0,"uagb_excerpt":null,"_links":{"self":[{"href":"https:\/\/imakafilms.com\/index.php\/wp-json\/wp\/v2\/pages\/9","targetHints":{"allow":["GET"]}}],"collection":[{"href":"https:\/\/imakafilms.com\/index.php\/wp-json\/wp\/v2\/pages"}],"about":[{"href":"https:\/\/imakafilms.com\/index.php\/wp-json\/wp\/v2\/types\/page"}],"author":[{"embeddable":true,"href":"https:\/\/imakafilms.com\/index.php\/wp-json\/wp\/v2\/users\/1"}],"replies":[{"embeddable":true,"href":"https:\/\/imakafilms.com\/index.php\/wp-json\/wp\/v2\/comments?post=9"}],"version-history":[{"count":13,"href":"https:\/\/imakafilms.com\/index.php\/wp-json\/wp\/v2\/pages\/9\/revisions"}],"predecessor-version":[{"id":5898,"href":"https:\/\/imakafilms.com\/index.php\/wp-json\/wp\/v2\/pages\/9\/revisions\/5898"}],"wp:attachment":[{"href":"https:\/\/imakafilms.com\/index.php\/wp-json\/wp\/v2\/media?parent=9"}],"curies":[{"name":"wp","href":"https:\/\/api.w.org\/{rel}","templated":true}]}}