{"id":6077,"date":"2026-04-21T15:11:49","date_gmt":"2026-04-21T13:11:49","guid":{"rendered":"https:\/\/imakafilms.com\/?page_id=6077"},"modified":"2026-04-21T15:15:31","modified_gmt":"2026-04-21T13:15:31","slug":"fiche-en-attendant-les-barbares","status":"publish","type":"page","link":"https:\/\/imakafilms.com\/index.php\/fiche-en-attendant-les-barbares\/","title":{"rendered":"fiche en attendant les barbares"},"content":{"rendered":"\n<div class=\"alignwide wp-block-ugb-video-popup ugb-video-popup ugb-daa6c4d ugb-video-popup--v3 ugb-main-block\"><style>.ugb-daa6c4d .ugb-video-popup__wrapper{max-width:1619px;border-radius:0px;background-color:var(u002du002dstk-global-color-58632,#ffffff);background-image:url(https:\/\/imakafilms.com\/wp-content\/uploads\/2026\/04\/EN-ATTENDANT-LES-BARBARES_teaser_1604.mp4)}.ugb-daa6c4d .ugb-video-popup__play-button svg{fill:#000000 !important;height:113px;width:113px;opacity:1}.ugb-daa6c4d .ugb-video-popup__wrapper:before{background-color:var(u002du002dstk-global-color-58632,#ffffff);opacity:0.4}.ugb-daa6c4d .ugb-video-popup__wrapper:hover:before{opacity:0.7}<\/style><div class=\"ugb-inner-block\"><div class=\"ugb-block-content\"><div class=\"ugb-video-popup__wrapper ugb--shadow-2 ugb--has-background-overlay\" data-video=\"1183428799\"><button class=\"ugb-video-popup__overlay\" aria-label=\"Play\"><span class=\"ugb-video-popup__play-button\"><svg xmlns=\"http:\/\/www.w3.org\/2000\/svg\" viewBox=\"0 0 40 40\" class=\"ugb-play-button-cirle\" width=\"50\" height=\"50\"><path d=\"M16 29l12-9-12-9v18zm4-29C8.95 0 0 8.95 0 20s8.95 20 20 20 20-8.95 20-20S31.05 0 20 0zm0 36c-8.82 0-16-7.18-16-16S11.18 4 20 4s16 7.18 16 16-7.18 16-16 16z\"><\/path><\/svg><\/span><\/button><video class=\"ugb-video-background\" autoplay muted loop playsinline src=\"https:\/\/imakafilms.com\/wp-content\/uploads\/2026\/04\/EN-ATTENDANT-LES-BARBARES_teaser_1604.mp4\"><\/video><\/div><\/div><\/div><\/div>\n\n\n\n<div class=\"wp-block-columns is-layout-flex wp-container-core-columns-is-layout-9d6595d7 wp-block-columns-is-layout-flex\">\n<div class=\"wp-block-column is-layout-flow wp-block-column-is-layout-flow\" style=\"flex-basis:100%\">\n<div class=\"wp-block-columns is-layout-flex wp-container-core-columns-is-layout-9d6595d7 wp-block-columns-is-layout-flex\">\n<div class=\"wp-block-column is-layout-flow wp-block-column-is-layout-flow\" style=\"flex-basis:100%\"><div class=\"gb-container gb-container-471330b2\"><div class=\"gb-inside-container\">\n<div class=\"gb-grid-wrapper gb-grid-wrapper-54f06fb2\">\n<div class=\"gb-grid-column gb-grid-column-dd026b2f\"><div class=\"gb-container gb-container-dd026b2f\"><div class=\"gb-inside-container\">\n\n<p class=\"gb-headline gb-headline-57c5d2d6 gb-headline-text\">En attendant les barbares<\/p>\n\n\n\n<p>R\u00e9alisateur : Georges Sifianos<\/p>\n\n\n\n<p>D\u2019apr\u00e8s po\u00e8me de Constantin Cavafy \u00e9crit en 1904<\/p>\n\n<\/div><\/div><\/div>\n\n<div class=\"gb-grid-column gb-grid-column-3015315c\"><div class=\"gb-container gb-container-3015315c\"><div class=\"gb-inside-container\">\n\n<p><strong>Synopsis<\/strong><\/p>\n\n\n\n<p>Dans une ville, rappelant sans pr\u00e9cision une cit\u00e9 de l\u2019Empire romain, le po\u00e8me d\u00e9crit une situation d\u2019attente : l\u2019arriv\u00e9e des \u00ab Barbares \u00bb est annonc\u00e9e, l\u2019empereur m\u00eame semble vouloir se soumettre \u00e0 leur autorit\u00e9. Toutes les hypoth\u00e8ses sur l\u2019avenir sont permises. La ville retient son souffle. Mais la nuit tombe, toujours sans les barbares\u2026<\/p>\n\n<\/div><\/div><\/div>\n<\/div>\n\n<div class=\"gb-grid-wrapper gb-grid-wrapper-2ee3cc24\">\n<div class=\"gb-grid-column gb-grid-column-02f03ee7\"><div class=\"gb-container gb-container-02f03ee7\"><div class=\"gb-inside-container\"><\/div><\/div><\/div>\n\n<div class=\"gb-grid-column gb-grid-column-01970041\"><div class=\"gb-container gb-container-01970041\"><div class=\"gb-inside-container\"><\/div><\/div><\/div>\n<\/div>\n<\/div><\/div><\/div>\n<\/div>\n<\/div>\n<\/div>\n","protected":false},"excerpt":{"rendered":"","protected":false},"author":1,"featured_media":0,"parent":0,"menu_order":0,"comment_status":"closed","ping_status":"closed","template":"","meta":{"_monsterinsights_skip_tracking":false,"_monsterinsights_sitenote_active":false,"_monsterinsights_sitenote_note":"","_monsterinsights_sitenote_category":0,"footnotes":""},"class_list":["post-6077","page","type-page","status-publish"],"featured_image_urls_v2":{"full":"","thumbnail":"","medium":"","medium_large":"","large":"","1536x1536":"","2048x2048":""},"post_excerpt_stackable_v2":"<p>En attendant les barbares R\u00e9alisateur : Georges Sifianos D\u2019apr\u00e8s po\u00e8me de Constantin Cavafy \u00e9crit en 1904 Synopsis Dans une ville, rappelant sans pr\u00e9cision une cit\u00e9 de l\u2019Empire romain, le po\u00e8me d\u00e9crit une situation d\u2019attente : l\u2019arriv\u00e9e des \u00ab Barbares \u00bb est annonc\u00e9e, l\u2019empereur m\u00eame semble vouloir se soumettre \u00e0 leur autorit\u00e9. Toutes les hypoth\u00e8ses sur l\u2019avenir sont permises. La ville retient son souffle. Mais la nuit tombe, toujours sans les barbares\u2026<\/p>\n","category_list_v2":"","author_info_v2":{"name":"admin3054","url":"https:\/\/imakafilms.com\/index.php\/author\/admin3054\/"},"comments_num_v2":"0 comments","uagb_featured_image_src":{"full":false,"thumbnail":false,"medium":false,"medium_large":false,"large":false,"1536x1536":false,"2048x2048":false},"uagb_author_info":{"display_name":"admin3054","author_link":"https:\/\/imakafilms.com\/index.php\/author\/admin3054\/"},"uagb_comment_info":0,"uagb_excerpt":null,"_links":{"self":[{"href":"https:\/\/imakafilms.com\/index.php\/wp-json\/wp\/v2\/pages\/6077","targetHints":{"allow":["GET"]}}],"collection":[{"href":"https:\/\/imakafilms.com\/index.php\/wp-json\/wp\/v2\/pages"}],"about":[{"href":"https:\/\/imakafilms.com\/index.php\/wp-json\/wp\/v2\/types\/page"}],"author":[{"embeddable":true,"href":"https:\/\/imakafilms.com\/index.php\/wp-json\/wp\/v2\/users\/1"}],"replies":[{"embeddable":true,"href":"https:\/\/imakafilms.com\/index.php\/wp-json\/wp\/v2\/comments?post=6077"}],"version-history":[{"count":5,"href":"https:\/\/imakafilms.com\/index.php\/wp-json\/wp\/v2\/pages\/6077\/revisions"}],"predecessor-version":[{"id":6083,"href":"https:\/\/imakafilms.com\/index.php\/wp-json\/wp\/v2\/pages\/6077\/revisions\/6083"}],"wp:attachment":[{"href":"https:\/\/imakafilms.com\/index.php\/wp-json\/wp\/v2\/media?parent=6077"}],"curies":[{"name":"wp","href":"https:\/\/api.w.org\/{rel}","templated":true}]}}