{"id":6051,"date":"2024-01-29T20:45:41","date_gmt":"2024-01-29T19:45:41","guid":{"rendered":"https:\/\/imakafilms.com\/?page_id=6051"},"modified":"2024-01-29T20:52:58","modified_gmt":"2024-01-29T19:52:58","slug":"fiche-le-soleil-n-a-pas-termine","status":"publish","type":"page","link":"https:\/\/imakafilms.com\/index.php\/fiche-le-soleil-n-a-pas-termine\/","title":{"rendered":"fiche le soleil n a pas termine"},"content":{"rendered":"\n<p><\/p>\n\n\n\n<div class=\"wp-container-4 wp-block-columns\">\n<div class=\"wp-container-3 wp-block-column\" style=\"flex-basis:100%\">\n<div class=\"wp-container-2 wp-block-columns\">\n<div class=\"wp-container-1 wp-block-column\" style=\"flex-basis:100%\"><div class=\"gb-container gb-container-471330b2\"><div class=\"gb-inside-container\">\n<div class=\"gb-grid-wrapper gb-grid-wrapper-54f06fb2\">\n<div class=\"gb-grid-column gb-grid-column-dd026b2f\"><div class=\"gb-container gb-container-dd026b2f\"><div class=\"gb-inside-container\">\n\n<p class=\"gb-headline gb-headline-57c5d2d6 gb-headline-text\">LE SOLEIL N\u2019A PAS TERMIN\u00c9 SON AUTOPORTRAIT<\/p>\n\n\n\n<ul><li>R\u00e9alisateur: Eldiar Madakim<\/li><\/ul>\n\n\n\n<ul><li>Long m\u00e9trage de fiction d\u2019apr\u00e8s la nouvelle de Kubatbek Jusubaliev<\/li><\/ul>\n\n\n\n<ul><li>Dur\u00e9e: 90\u2019<\/li><\/ul>\n\n\n\n<ul><li>Production : A\u00eftych Film (Kirghizstan), Imaka Films (France)<\/li><\/ul>\n\n\n\n<ul><li>En d\u00e9veloppement avec le soutien du Fond d&#8217;aide au co-d\u00e9veloppement de projets \u00e0 l&#8217;international de la R\u00e9gion Normandie.<\/li><\/ul>\n\n<\/div><\/div><\/div>\n\n<div class=\"gb-grid-column gb-grid-column-3015315c\"><div class=\"gb-container gb-container-3015315c\"><div class=\"gb-inside-container\">\n\n<p><strong>Synopsis<\/strong><\/p>\n\n\n\n<p>Raman, un adolescent kirghize de quinze ans, vit avec sa grand-m\u00e8re aveugle. Il souffre de ne rien savoir de son p\u00e8re qui n\u2019est pas revenu de la guerre. Sa grand-m\u00e8re attend que son petit-fils soit suffisamment grand pour affronter la v\u00e9rit\u00e9.<\/p>\n\n<\/div><\/div><\/div>\n<\/div>\n\n<div class=\"gb-grid-wrapper gb-grid-wrapper-2ee3cc24\">\n<div class=\"gb-grid-column gb-grid-column-02f03ee7\"><div class=\"gb-container gb-container-02f03ee7\"><div class=\"gb-inside-container\"><\/div><\/div><\/div>\n\n<div class=\"gb-grid-column gb-grid-column-01970041\"><div class=\"gb-container gb-container-01970041\"><div class=\"gb-inside-container\"><\/div><\/div><\/div>\n<\/div>\n<\/div><\/div><\/div>\n<\/div>\n<\/div>\n<\/div>\n\n\n<div class=\"gb-container gb-container-4a933292\"><div class=\"gb-inside-container\">\n\n<figure class=\"wp-block-image size-large\"><img loading=\"lazy\" width=\"1024\" height=\"576\" src=\"https:\/\/imakafilms.com\/wp-content\/uploads\/2024\/01\/SOLEIL-AUTOPORTRAIT-1024x576.png\" alt=\"\" class=\"wp-image-6053\" srcset=\"https:\/\/imakafilms.com\/wp-content\/uploads\/2024\/01\/SOLEIL-AUTOPORTRAIT-1024x576.png 1024w, https:\/\/imakafilms.com\/wp-content\/uploads\/2024\/01\/SOLEIL-AUTOPORTRAIT-300x169.png 300w, https:\/\/imakafilms.com\/wp-content\/uploads\/2024\/01\/SOLEIL-AUTOPORTRAIT-768x432.png 768w, https:\/\/imakafilms.com\/wp-content\/uploads\/2024\/01\/SOLEIL-AUTOPORTRAIT-1536x864.png 1536w, https:\/\/imakafilms.com\/wp-content\/uploads\/2024\/01\/SOLEIL-AUTOPORTRAIT.png 1920w\" sizes=\"(max-width: 1024px) 100vw, 1024px\" \/><figcaption>Kubatbek Jusubaliev avec sa grande-m\u00e8re<\/figcaption><\/figure>\n\n<\/div><\/div>","protected":false},"excerpt":{"rendered":"","protected":false},"author":1,"featured_media":0,"parent":0,"menu_order":0,"comment_status":"closed","ping_status":"closed","template":"","meta":{"_mi_skip_tracking":false},"featured_image_urls":{"full":"","thumbnail":"","medium":"","medium_large":"","large":"","1536x1536":"","2048x2048":""},"post_excerpt_stackable":"<p>LE SOLEIL N\u2019A PAS TERMIN\u00c9 SON AUTOPORTRAIT R\u00e9alisateur: Eldiar Madakim Long m\u00e9trage de fiction d\u2019apr\u00e8s la nouvelle de Kubatbek Jusubaliev Dur\u00e9e: 90\u2019 Production : A\u00eftych Film (Kirghizstan), Imaka Films (France) En d\u00e9veloppement avec le soutien du Fond d&#8217;aide au co-d\u00e9veloppement de projets \u00e0 l&#8217;international de la R\u00e9gion Normandie. Synopsis Raman, un adolescent kirghize de quinze ans, vit avec sa grand-m\u00e8re aveugle. Il souffre de ne rien savoir de son p\u00e8re qui n\u2019est pas revenu de la guerre. Sa grand-m\u00e8re attend que son petit-fils soit suffisamment grand pour affronter la v\u00e9rit\u00e9. Kubatbek Jusubaliev avec sa grande-m\u00e8re<\/p>\n","category_list":"","author_info":{"name":"admin3054","url":"https:\/\/imakafilms.com\/index.php\/author\/admin3054\/"},"comments_num":"0 comments","featured_image_urls_v2":{"full":"","thumbnail":"","medium":"","medium_large":"","large":"","1536x1536":"","2048x2048":""},"post_excerpt_stackable_v2":"<p>LE SOLEIL N\u2019A PAS TERMIN\u00c9 SON AUTOPORTRAIT R\u00e9alisateur: Eldiar Madakim Long m\u00e9trage de fiction d\u2019apr\u00e8s la nouvelle de Kubatbek Jusubaliev Dur\u00e9e: 90\u2019 Production : A\u00eftych Film (Kirghizstan), Imaka Films (France) En d\u00e9veloppement avec le soutien du Fond d&#8217;aide au co-d\u00e9veloppement de projets \u00e0 l&#8217;international de la R\u00e9gion Normandie. Synopsis Raman, un adolescent kirghize de quinze ans, vit avec sa grand-m\u00e8re aveugle. Il souffre de ne rien savoir de son p\u00e8re qui n\u2019est pas revenu de la guerre. Sa grand-m\u00e8re attend que son petit-fils soit suffisamment grand pour affronter la v\u00e9rit\u00e9. Kubatbek Jusubaliev avec sa grande-m\u00e8re<\/p>\n","category_list_v2":"","author_info_v2":{"name":"admin3054","url":"https:\/\/imakafilms.com\/index.php\/author\/admin3054\/"},"comments_num_v2":"0 comments","uagb_featured_image_src":{"full":false,"thumbnail":false,"medium":false,"medium_large":false,"large":false,"1536x1536":false,"2048x2048":false},"uagb_author_info":{"display_name":"admin3054","author_link":"https:\/\/imakafilms.com\/index.php\/author\/admin3054\/"},"uagb_comment_info":0,"uagb_excerpt":null,"_links":{"self":[{"href":"https:\/\/imakafilms.com\/index.php\/wp-json\/wp\/v2\/pages\/6051"}],"collection":[{"href":"https:\/\/imakafilms.com\/index.php\/wp-json\/wp\/v2\/pages"}],"about":[{"href":"https:\/\/imakafilms.com\/index.php\/wp-json\/wp\/v2\/types\/page"}],"author":[{"embeddable":true,"href":"https:\/\/imakafilms.com\/index.php\/wp-json\/wp\/v2\/users\/1"}],"replies":[{"embeddable":true,"href":"https:\/\/imakafilms.com\/index.php\/wp-json\/wp\/v2\/comments?post=6051"}],"version-history":[{"count":5,"href":"https:\/\/imakafilms.com\/index.php\/wp-json\/wp\/v2\/pages\/6051\/revisions"}],"predecessor-version":[{"id":6061,"href":"https:\/\/imakafilms.com\/index.php\/wp-json\/wp\/v2\/pages\/6051\/revisions\/6061"}],"wp:attachment":[{"href":"https:\/\/imakafilms.com\/index.php\/wp-json\/wp\/v2\/media?parent=6051"}],"curies":[{"name":"wp","href":"https:\/\/api.w.org\/{rel}","templated":true}]}}