{"id":5996,"date":"2022-11-08T16:41:43","date_gmt":"2022-11-08T15:41:43","guid":{"rendered":"https:\/\/imakafilms.com\/?page_id=5996"},"modified":"2022-12-25T13:04:28","modified_gmt":"2022-12-25T12:04:28","slug":"fiche-momoko","status":"publish","type":"page","link":"https:\/\/imakafilms.com\/index.php\/fiche-momoko\/","title":{"rendered":"fiche MOMOKO"},"content":{"rendered":"\n<div class=\"wp-container-4 wp-block-columns\">\n<div class=\"wp-container-3 wp-block-column\" style=\"flex-basis:100%\">\n<div class=\"wp-container-2 wp-block-columns\">\n<div class=\"wp-container-1 wp-block-column\" style=\"flex-basis:100%\"><div class=\"gb-container gb-container-471330b2\"><div class=\"gb-inside-container\">\n<div class=\"gb-grid-wrapper gb-grid-wrapper-54f06fb2\">\n<div class=\"gb-grid-column gb-grid-column-dd026b2f\"><div class=\"gb-container gb-container-dd026b2f\"><div class=\"gb-inside-container\">\n\n<p class=\"gb-headline gb-headline-57c5d2d6 gb-headline-text\"><strong>MOMOKO<\/strong><\/p>\n\n\n\n<p>\u2022 Special TV 26\u2019<br>\u2022 En d\u00e9veloppement<\/p>\n\n\n\n<p><\/p>\n\n<\/div><\/div><\/div>\n\n<div class=\"gb-grid-column gb-grid-column-3015315c\"><div class=\"gb-container gb-container-3015315c\"><div class=\"gb-inside-container\">\n\n<p><strong>Synopsis<\/strong><\/p>\n\n\n\n<p>Les petits bonheurs et les joies de la vie quotidienne de Momoko, la fillette japonaise, sont perturb\u00e9s par la petite Miyuki. Comment grandir \u00e0 c\u00f4t\u00e9 de cette s\u0153ur \u00abdiff\u00e9rente\u00bb, tour \u00e0 tour silencieuse, impr\u00e9visible, fragile et se sentir heureuse et s&#8217;\u00e9panouir ?<\/p>\n\n\n\n<p><em>D\u2019apr\u00e8s le livre autobiographique de Kotimi \u00ab Momoko, une enfance japonaise. \u00bb (Rue du Monde).<\/em><\/p>\n\n\n\n<p><\/p>\n\n<\/div><\/div><\/div>\n<\/div>\n\n<div class=\"gb-grid-wrapper gb-grid-wrapper-2ee3cc24\">\n<div class=\"gb-grid-column gb-grid-column-02f03ee7\"><div class=\"gb-container gb-container-02f03ee7\"><div class=\"gb-inside-container\"><\/div><\/div><\/div>\n\n<div class=\"gb-grid-column gb-grid-column-01970041\"><div class=\"gb-container gb-container-01970041\"><div class=\"gb-inside-container\"><\/div><\/div><\/div>\n<\/div>\n<\/div><\/div><\/div>\n<\/div>\n<\/div>\n<\/div>\n\n\n\n<figure class=\"wp-block-image size-large is-style-default\"><img loading=\"lazy\" width=\"790\" height=\"1024\" src=\"https:\/\/imakafilms.com\/wp-content\/uploads\/2022\/11\/0-790x1024.jpg\" alt=\"\" class=\"wp-image-5997\" srcset=\"https:\/\/imakafilms.com\/wp-content\/uploads\/2022\/11\/0-790x1024.jpg 790w, https:\/\/imakafilms.com\/wp-content\/uploads\/2022\/11\/0-232x300.jpg 232w, https:\/\/imakafilms.com\/wp-content\/uploads\/2022\/11\/0-768x995.jpg 768w, https:\/\/imakafilms.com\/wp-content\/uploads\/2022\/11\/0.jpg 1065w\" sizes=\"(max-width: 790px) 100vw, 790px\" \/><\/figure>\n","protected":false},"excerpt":{"rendered":"","protected":false},"author":1,"featured_media":0,"parent":0,"menu_order":0,"comment_status":"closed","ping_status":"closed","template":"","meta":{"_mi_skip_tracking":false},"featured_image_urls":{"full":"","thumbnail":"","medium":"","medium_large":"","large":"","1536x1536":"","2048x2048":""},"post_excerpt_stackable":"<p>MOMOKO \u2022 Special TV 26\u2019\u2022 En d\u00e9veloppement Synopsis Les petits bonheurs et les joies de la vie quotidienne de Momoko, la fillette japonaise, sont perturb\u00e9s par la petite Miyuki. Comment grandir \u00e0 c\u00f4t\u00e9 de cette s\u0153ur \u00abdiff\u00e9rente\u00bb, tour \u00e0 tour silencieuse, impr\u00e9visible, fragile et se sentir heureuse et s&#8217;\u00e9panouir ? D\u2019apr\u00e8s le livre autobiographique de Kotimi \u00ab Momoko, une enfance japonaise. \u00bb (Rue du Monde).<\/p>\n","category_list":"","author_info":{"name":"admin3054","url":"https:\/\/imakafilms.com\/index.php\/author\/admin3054\/"},"comments_num":"0 comments","featured_image_urls_v2":{"full":"","thumbnail":"","medium":"","medium_large":"","large":"","1536x1536":"","2048x2048":""},"post_excerpt_stackable_v2":"<p>MOMOKO \u2022 Special TV 26\u2019\u2022 En d\u00e9veloppement Synopsis Les petits bonheurs et les joies de la vie quotidienne de Momoko, la fillette japonaise, sont perturb\u00e9s par la petite Miyuki. Comment grandir \u00e0 c\u00f4t\u00e9 de cette s\u0153ur \u00abdiff\u00e9rente\u00bb, tour \u00e0 tour silencieuse, impr\u00e9visible, fragile et se sentir heureuse et s&#8217;\u00e9panouir ? D\u2019apr\u00e8s le livre autobiographique de Kotimi \u00ab Momoko, une enfance japonaise. \u00bb (Rue du Monde).<\/p>\n","category_list_v2":"","author_info_v2":{"name":"admin3054","url":"https:\/\/imakafilms.com\/index.php\/author\/admin3054\/"},"comments_num_v2":"0 comments","uagb_featured_image_src":{"full":false,"thumbnail":false,"medium":false,"medium_large":false,"large":false,"1536x1536":false,"2048x2048":false},"uagb_author_info":{"display_name":"admin3054","author_link":"https:\/\/imakafilms.com\/index.php\/author\/admin3054\/"},"uagb_comment_info":0,"uagb_excerpt":null,"_links":{"self":[{"href":"https:\/\/imakafilms.com\/index.php\/wp-json\/wp\/v2\/pages\/5996"}],"collection":[{"href":"https:\/\/imakafilms.com\/index.php\/wp-json\/wp\/v2\/pages"}],"about":[{"href":"https:\/\/imakafilms.com\/index.php\/wp-json\/wp\/v2\/types\/page"}],"author":[{"embeddable":true,"href":"https:\/\/imakafilms.com\/index.php\/wp-json\/wp\/v2\/users\/1"}],"replies":[{"embeddable":true,"href":"https:\/\/imakafilms.com\/index.php\/wp-json\/wp\/v2\/comments?post=5996"}],"version-history":[{"count":5,"href":"https:\/\/imakafilms.com\/index.php\/wp-json\/wp\/v2\/pages\/5996\/revisions"}],"predecessor-version":[{"id":6029,"href":"https:\/\/imakafilms.com\/index.php\/wp-json\/wp\/v2\/pages\/5996\/revisions\/6029"}],"wp:attachment":[{"href":"https:\/\/imakafilms.com\/index.php\/wp-json\/wp\/v2\/media?parent=5996"}],"curies":[{"name":"wp","href":"https:\/\/api.w.org\/{rel}","templated":true}]}}