{"id":5961,"date":"2022-01-16T19:11:13","date_gmt":"2022-01-16T18:11:13","guid":{"rendered":"https:\/\/imakafilms.com\/?page_id=5961"},"modified":"2023-09-20T23:53:50","modified_gmt":"2023-09-20T21:53:50","slug":"fiche-avec-bruit-et-fureur","status":"publish","type":"page","link":"https:\/\/imakafilms.com\/index.php\/fiche-avec-bruit-et-fureur\/","title":{"rendered":"fiche AVEC BRUIT ET FUREUR"},"content":{"rendered":"\n<div class=\"wp-container-4 wp-block-columns\">\n<div class=\"wp-container-3 wp-block-column\" style=\"flex-basis:100%\">\n<div class=\"wp-container-2 wp-block-columns\">\n<div class=\"wp-container-1 wp-block-column\" style=\"flex-basis:100%\"><div class=\"gb-container gb-container-471330b2\"><div class=\"gb-inside-container\">\n<div class=\"gb-grid-wrapper gb-grid-wrapper-54f06fb2\">\n<div class=\"gb-grid-column gb-grid-column-dd026b2f\"><div class=\"gb-container gb-container-dd026b2f\"><div class=\"gb-inside-container\">\n\n<p class=\"gb-headline gb-headline-57c5d2d6 gb-headline-text\">LISSABON<\/p>\n\n\n\n<p>\u2022 Fiction long-m\u00e9trage de Svetlana Filippova<br>\u2022 Production \u00a9 XXIX February &#8211; Imaka Films<\/p>\n\n<\/div><\/div><\/div>\n\n<div class=\"gb-grid-column gb-grid-column-3015315c\"><div class=\"gb-container gb-container-3015315c\"><div class=\"gb-inside-container\">\n\n<p><strong>Synopsis<\/strong><\/p>\n\n\n\n<p>Ivan, un adolescent de 17 ans, vient de terminer ses \u00e9tudes secondaires quand la s\u00e9paration de ses parents bouleverse sa vie. Dans la famille d\u00e9compos\u00e9e, chacun essaie de survivre \u00e0 sa fa\u00e7on. Anna, sa m\u00e8re, se referme sur elle-m\u00eame. Le p\u00e8re, Micha, vit d\u00e9sormais s\u00e9par\u00e9ment et n\u2019arrive pas \u00e0 refaire sa vie. Varya, la soeur ain\u00e9e&nbsp; d\u2019Ivan, est incapable de construire sa vie amoureuse avec Pacha, d\u00e9\u00e7ue par l\u2019\u00e9chec de ses parents. Ivan essaye de comprendre ce qui s&#8217;est pass\u00e9, il&nbsp;a du mal \u00e0 accepter la r\u00e9alit\u00e9 et souffre de cette situation. Il r\u00e9alise que toutes ses \u00e9motions enfouies, tous ses chagrins, c\u2019est \u00e0 ses parents qu\u2019il les doit. Alors il n&#8217;a qu\u2019une envie, les leur renvoyer \u00e0 la figure.<\/p>\n\n<\/div><\/div><\/div>\n<\/div>\n\n<div class=\"gb-grid-wrapper gb-grid-wrapper-2ee3cc24\">\n<div class=\"gb-grid-column gb-grid-column-02f03ee7\"><div class=\"gb-container gb-container-02f03ee7\"><div class=\"gb-inside-container\"><\/div><\/div><\/div>\n\n<div class=\"gb-grid-column gb-grid-column-01970041\"><div class=\"gb-container gb-container-01970041\"><div class=\"gb-inside-container\"><\/div><\/div><\/div>\n<\/div>\n<\/div><\/div><\/div>\n<\/div>\n<\/div>\n<\/div>\n","protected":false},"excerpt":{"rendered":"","protected":false},"author":1,"featured_media":0,"parent":0,"menu_order":0,"comment_status":"closed","ping_status":"closed","template":"","meta":{"_mi_skip_tracking":false},"featured_image_urls":{"full":"","thumbnail":"","medium":"","medium_large":"","large":"","1536x1536":"","2048x2048":""},"post_excerpt_stackable":"<p>LISSABON \u2022 Fiction long-m\u00e9trage de Svetlana Filippova\u2022 Production \u00a9 XXIX February &#8211; Imaka Films Synopsis Ivan, un adolescent de 17 ans, vient de terminer ses \u00e9tudes secondaires quand la s\u00e9paration de ses parents bouleverse sa vie. Dans la famille d\u00e9compos\u00e9e, chacun essaie de survivre \u00e0 sa fa\u00e7on. Anna, sa m\u00e8re, se referme sur elle-m\u00eame. Le p\u00e8re, Micha, vit d\u00e9sormais s\u00e9par\u00e9ment et n\u2019arrive pas \u00e0 refaire sa vie. Varya, la soeur ain\u00e9e&nbsp; d\u2019Ivan, est incapable de construire sa vie amoureuse avec Pacha, d\u00e9\u00e7ue par l\u2019\u00e9chec de ses parents. Ivan essaye de comprendre ce qui s&#8217;est pass\u00e9, il&nbsp;a du mal \u00e0 accepter&hellip;<\/p>\n","category_list":"","author_info":{"name":"admin3054","url":"https:\/\/imakafilms.com\/index.php\/author\/admin3054\/"},"comments_num":"0 comments","featured_image_urls_v2":{"full":"","thumbnail":"","medium":"","medium_large":"","large":"","1536x1536":"","2048x2048":""},"post_excerpt_stackable_v2":"<p>LISSABON \u2022 Fiction long-m\u00e9trage de Svetlana Filippova\u2022 Production \u00a9 XXIX February &#8211; Imaka Films Synopsis Ivan, un adolescent de 17 ans, vient de terminer ses \u00e9tudes secondaires quand la s\u00e9paration de ses parents bouleverse sa vie. Dans la famille d\u00e9compos\u00e9e, chacun essaie de survivre \u00e0 sa fa\u00e7on. Anna, sa m\u00e8re, se referme sur elle-m\u00eame. Le p\u00e8re, Micha, vit d\u00e9sormais s\u00e9par\u00e9ment et n\u2019arrive pas \u00e0 refaire sa vie. Varya, la soeur ain\u00e9e&nbsp; d\u2019Ivan, est incapable de construire sa vie amoureuse avec Pacha, d\u00e9\u00e7ue par l\u2019\u00e9chec de ses parents. Ivan essaye de comprendre ce qui s&#8217;est pass\u00e9, il&nbsp;a du mal \u00e0 accepter&hellip;<\/p>\n","category_list_v2":"","author_info_v2":{"name":"admin3054","url":"https:\/\/imakafilms.com\/index.php\/author\/admin3054\/"},"comments_num_v2":"0 comments","uagb_featured_image_src":{"full":false,"thumbnail":false,"medium":false,"medium_large":false,"large":false,"1536x1536":false,"2048x2048":false},"uagb_author_info":{"display_name":"admin3054","author_link":"https:\/\/imakafilms.com\/index.php\/author\/admin3054\/"},"uagb_comment_info":0,"uagb_excerpt":null,"_links":{"self":[{"href":"https:\/\/imakafilms.com\/index.php\/wp-json\/wp\/v2\/pages\/5961"}],"collection":[{"href":"https:\/\/imakafilms.com\/index.php\/wp-json\/wp\/v2\/pages"}],"about":[{"href":"https:\/\/imakafilms.com\/index.php\/wp-json\/wp\/v2\/types\/page"}],"author":[{"embeddable":true,"href":"https:\/\/imakafilms.com\/index.php\/wp-json\/wp\/v2\/users\/1"}],"replies":[{"embeddable":true,"href":"https:\/\/imakafilms.com\/index.php\/wp-json\/wp\/v2\/comments?post=5961"}],"version-history":[{"count":9,"href":"https:\/\/imakafilms.com\/index.php\/wp-json\/wp\/v2\/pages\/5961\/revisions"}],"predecessor-version":[{"id":6049,"href":"https:\/\/imakafilms.com\/index.php\/wp-json\/wp\/v2\/pages\/5961\/revisions\/6049"}],"wp:attachment":[{"href":"https:\/\/imakafilms.com\/index.php\/wp-json\/wp\/v2\/media?parent=5961"}],"curies":[{"name":"wp","href":"https:\/\/api.w.org\/{rel}","templated":true}]}}