{"id":5850,"date":"2021-09-15T14:04:44","date_gmt":"2021-09-15T12:04:44","guid":{"rendered":"https:\/\/imakafilms.com\/?page_id=5850"},"modified":"2023-09-20T23:52:04","modified_gmt":"2023-09-20T21:52:04","slug":"fiche-entre-chien-et-loup","status":"publish","type":"page","link":"https:\/\/imakafilms.com\/index.php\/fiche-entre-chien-et-loup\/","title":{"rendered":"fiche danser avec les chevaux"},"content":{"rendered":"\n<div class=\"wp-block-columns is-layout-flex wp-container-core-columns-is-layout-9d6595d7 wp-block-columns-is-layout-flex\">\n<div class=\"wp-block-column is-layout-flow wp-block-column-is-layout-flow\" style=\"flex-basis:100%\">\n<div class=\"wp-block-columns is-layout-flex wp-container-core-columns-is-layout-9d6595d7 wp-block-columns-is-layout-flex\">\n<div class=\"wp-block-column is-layout-flow wp-block-column-is-layout-flow\" style=\"flex-basis:100%\"><div class=\"gb-container gb-container-471330b2\"><div class=\"gb-inside-container\">\n<div class=\"gb-grid-wrapper gb-grid-wrapper-54f06fb2\">\n<div class=\"gb-grid-column gb-grid-column-dd026b2f\"><div class=\"gb-container gb-container-dd026b2f\"><div class=\"gb-inside-container\">\n\n<p class=\"gb-headline gb-headline-57c5d2d6 gb-headline-text\">RATSASTAA<\/p>\n\n\n\n<p>\u2022 Documentaire de Bego Ant\u00f3n<br>\u2022 En d\u00e9veloppement<\/p>\n\n<\/div><\/div><\/div>\n\n<div class=\"gb-grid-column gb-grid-column-3015315c\"><div class=\"gb-container gb-container-3015315c\"><div class=\"gb-inside-container\">\n\n<p><strong>Synopsis<\/strong><\/p>\n\n\n\n<p>Elina vit avec sa m\u00e8re et sa s\u0153ur dans une maison de bois au milieu d\u2019une for\u00eat, pr\u00e8s d\u2019un lac o\u00f9 elle nage habituellement avec ses chevaux de bois. Chaque ann\u00e9e, des jeunes filles les rejoignent dans ce cadre idyllique pour am\u00e9liorer leurs comp\u00e9tences lors de camps d\u2019\u00e9t\u00e9 immersifs qui les aident non seulement \u00e0 d\u00e9velopper leur pratique, mais cr\u00e9ent \u00e9galement des liens tr\u00e8s profonds entre elles. Des centaines d\u2019adolescentes montent sur des chevaux-jouets faits de b\u00e2tons de bois et de t\u00eates en peluche, imitant le dressage et le saut d\u2019obstacles. Pendant des ann\u00e9es, cette pratique , consid\u00e9r\u00e9e comme une sous-culture finlandaise a \u00e9t\u00e9 consid\u00e9r\u00e9e comme une communaut\u00e9 secr\u00e8te soumise \u00e0 la stigmatisation et au harc\u00e8lement. Mais gr\u00e2ce au \u00ab hobby-horsing \u00bb, les jeunes filles se sentent en s\u00e9curit\u00e9 et s\u2019\u00e9mancipent au moment d\u00e9licat o\u00f9 se forme leur identit\u00e9.<\/p>\n\n<\/div><\/div><\/div>\n<\/div>\n\n<div class=\"gb-grid-wrapper gb-grid-wrapper-2ee3cc24\">\n<div class=\"gb-grid-column gb-grid-column-02f03ee7\"><div class=\"gb-container gb-container-02f03ee7\"><div class=\"gb-inside-container\"><\/div><\/div><\/div>\n\n<div class=\"gb-grid-column gb-grid-column-01970041\"><div class=\"gb-container gb-container-01970041\"><div class=\"gb-inside-container\"><\/div><\/div><\/div>\n<\/div>\n<\/div><\/div><\/div>\n<\/div>\n<\/div>\n<\/div>\n\n\n<div class=\"gb-container gb-container-4a933292\"><div class=\"gb-inside-container\">\n\n<figure class=\"gb-block-image gb-block-image-7d77d409\"><img loading=\"lazy\" decoding=\"async\" width=\"1024\" height=\"576\" class=\"gb-image gb-image-7d77d409\" src=\"https:\/\/imakafilms.com\/wp-content\/uploads\/2022\/09\/danser-chevaux-1024x576.jpg\" alt=\"\" title=\"danser-chevaux\" srcset=\"https:\/\/imakafilms.com\/wp-content\/uploads\/2022\/09\/danser-chevaux-1024x576.jpg 1024w, https:\/\/imakafilms.com\/wp-content\/uploads\/2022\/09\/danser-chevaux-300x169.jpg 300w, https:\/\/imakafilms.com\/wp-content\/uploads\/2022\/09\/danser-chevaux-768x432.jpg 768w, https:\/\/imakafilms.com\/wp-content\/uploads\/2022\/09\/danser-chevaux-1536x864.jpg 1536w, https:\/\/imakafilms.com\/wp-content\/uploads\/2022\/09\/danser-chevaux.jpg 1920w\" sizes=\"auto, (max-width: 1024px) 100vw, 1024px\" \/><\/figure>\n\n<\/div><\/div>","protected":false},"excerpt":{"rendered":"","protected":false},"author":1,"featured_media":0,"parent":0,"menu_order":0,"comment_status":"closed","ping_status":"closed","template":"","meta":{"_monsterinsights_skip_tracking":false,"_monsterinsights_sitenote_active":false,"_monsterinsights_sitenote_note":"","_monsterinsights_sitenote_category":0,"footnotes":""},"class_list":["post-5850","page","type-page","status-publish"],"featured_image_urls_v2":{"full":"","thumbnail":"","medium":"","medium_large":"","large":"","1536x1536":"","2048x2048":""},"post_excerpt_stackable_v2":"<p>RATSASTAA \u2022 Documentaire de Bego Ant\u00f3n\u2022 En d\u00e9veloppement Synopsis Elina vit avec sa m\u00e8re et sa s\u0153ur dans une maison de bois au milieu d\u2019une for\u00eat, pr\u00e8s d\u2019un lac o\u00f9 elle nage habituellement avec ses chevaux de bois. Chaque ann\u00e9e, des jeunes filles les rejoignent dans ce cadre idyllique pour am\u00e9liorer leurs comp\u00e9tences lors de camps d\u2019\u00e9t\u00e9 immersifs qui les aident non seulement \u00e0 d\u00e9velopper leur pratique, mais cr\u00e9ent \u00e9galement des liens tr\u00e8s profonds entre elles. Des centaines d\u2019adolescentes montent sur des chevaux-jouets faits de b\u00e2tons de bois et de t\u00eates en peluche, imitant le dressage et le saut d\u2019obstacles.&hellip;<\/p>\n","category_list_v2":"","author_info_v2":{"name":"admin3054","url":"https:\/\/imakafilms.com\/index.php\/author\/admin3054\/"},"comments_num_v2":"0 comments","uagb_featured_image_src":{"full":false,"thumbnail":false,"medium":false,"medium_large":false,"large":false,"1536x1536":false,"2048x2048":false},"uagb_author_info":{"display_name":"admin3054","author_link":"https:\/\/imakafilms.com\/index.php\/author\/admin3054\/"},"uagb_comment_info":0,"uagb_excerpt":null,"_links":{"self":[{"href":"https:\/\/imakafilms.com\/index.php\/wp-json\/wp\/v2\/pages\/5850","targetHints":{"allow":["GET"]}}],"collection":[{"href":"https:\/\/imakafilms.com\/index.php\/wp-json\/wp\/v2\/pages"}],"about":[{"href":"https:\/\/imakafilms.com\/index.php\/wp-json\/wp\/v2\/types\/page"}],"author":[{"embeddable":true,"href":"https:\/\/imakafilms.com\/index.php\/wp-json\/wp\/v2\/users\/1"}],"replies":[{"embeddable":true,"href":"https:\/\/imakafilms.com\/index.php\/wp-json\/wp\/v2\/comments?post=5850"}],"version-history":[{"count":10,"href":"https:\/\/imakafilms.com\/index.php\/wp-json\/wp\/v2\/pages\/5850\/revisions"}],"predecessor-version":[{"id":6047,"href":"https:\/\/imakafilms.com\/index.php\/wp-json\/wp\/v2\/pages\/5850\/revisions\/6047"}],"wp:attachment":[{"href":"https:\/\/imakafilms.com\/index.php\/wp-json\/wp\/v2\/media?parent=5850"}],"curies":[{"name":"wp","href":"https:\/\/api.w.org\/{rel}","templated":true}]}}