{"id":5803,"date":"2021-09-15T13:14:32","date_gmt":"2021-09-15T11:14:32","guid":{"rendered":"https:\/\/imakafilms.com\/?page_id=5803"},"modified":"2021-09-15T15:33:47","modified_gmt":"2021-09-15T13:33:47","slug":"lelephant-et-les-quatre-aveugles","status":"publish","type":"page","link":"https:\/\/imakafilms.com\/index.php\/lelephant-et-les-quatre-aveugles\/","title":{"rendered":"fiche L\u2019\u00c9L\u00c9PHANT ET LES QUATRE AVEUGLES"},"content":{"rendered":"\n<div class=\"alignwide wp-block-ugb-video-popup ugb-video-popup ugb-daa6c4d ugb-video-popup--v3 ugb-main-block\"><style>.ugb-daa6c4d .ugb-video-popup__wrapper{max-width:1619px;border-radius:0px;background-color:var(u002du002dstk-global-color-58632,#ffffff);background-image:url(http:\/\/imakafilms.com\/wp-content\/uploads\/2021\/09\/ELEPHANT-4-aveugles.jpg)}.ugb-daa6c4d .ugb-video-popup__play-button svg{fill:#ffffff !important;height:113px;width:113px;opacity:1}.ugb-daa6c4d .ugb-video-popup__wrapper:before{background-color:var(u002du002dstk-global-color-58632,#ffffff);opacity:0.4}.ugb-daa6c4d .ugb-video-popup__wrapper:hover:before{opacity:0.7}<\/style><div class=\"ugb-inner-block\"><div class=\"ugb-block-content\"><div class=\"ugb-video-popup__wrapper ugb--shadow-2 ugb--has-background-overlay\" data-video=\"597788884\"><button class=\"ugb-video-popup__overlay\" aria-label=\"Play\"><span class=\"ugb-video-popup__play-button\"><svg viewbox=\"0 0 40 40\" xmlns=\"http:\/\/www.w3.org\/2000\/svg\" class=\"ugb-play-button-cirle\" width=\"50\" height=\"50\"><path d=\"M16 29l12-9-12-9v18zm4-29C8.95 0 0 8.95 0 20s8.95 20 20 20 20-8.95 20-20S31.05 0 20 0zm0 36c-8.82 0-16-7.18-16-16S11.18 4 20 4s16 7.18 16 16-7.18 16-16 16z\"><\/path><\/svg><\/span><\/button><\/div><\/div><\/div><\/div>\n\n\n\n<div class=\"wp-block-columns is-layout-flex wp-container-core-columns-is-layout-9d6595d7 wp-block-columns-is-layout-flex\">\n<div class=\"wp-block-column is-layout-flow wp-block-column-is-layout-flow\" style=\"flex-basis:100%\">\n<div class=\"wp-block-columns is-layout-flex wp-container-core-columns-is-layout-9d6595d7 wp-block-columns-is-layout-flex\">\n<div class=\"wp-block-column is-layout-flow wp-block-column-is-layout-flow\" style=\"flex-basis:100%\"><div class=\"gb-container gb-container-471330b2\"><div class=\"gb-inside-container\">\n<div class=\"gb-grid-wrapper gb-grid-wrapper-54f06fb2\">\n<div class=\"gb-grid-column gb-grid-column-dd026b2f\"><div class=\"gb-container gb-container-dd026b2f\"><div class=\"gb-inside-container\">\n\n<p class=\"gb-headline gb-headline-57c5d2d6 gb-headline-text\"><strong>L\u2019\u00c9L\u00c9PHANT ET LES QUATRE AVEUGLES<\/strong><\/p>\n\n\n\n<ul class=\"wp-block-list\"><li>Court-m\u00e9trage d\u2019animation, 8 min<\/li><li>R\u00e9alisateur Vladimir Petkevich<\/li><li>Animation sable sur verre<\/li><\/ul>\n\n<\/div><\/div><\/div>\n\n<div class=\"gb-grid-column gb-grid-column-3015315c\"><div class=\"gb-container gb-container-3015315c\"><div class=\"gb-inside-container\">\n\n<p><strong>Synopsis<\/strong><\/p>\n\n\n\n<p>Un jour, quatre aveugles rencontrent pour la premi\u00e8re fois un \u00e9l\u00e9phant. En le touchant les diff\u00e9rentes parties de son corps, ils se mettent \u00e0 le d\u00e9crire en d\u00e9duisant toutes sortes de repr\u00e9sentations diff\u00e9rentes. D\u2019apr\u00e8s une fable indienne.<\/p>\n\n<\/div><\/div><\/div>\n<\/div>\n\n<div class=\"gb-grid-wrapper gb-grid-wrapper-2ee3cc24\">\n<div class=\"gb-grid-column gb-grid-column-02f03ee7\"><div class=\"gb-container gb-container-02f03ee7\"><div class=\"gb-inside-container\"><\/div><\/div><\/div>\n\n<div class=\"gb-grid-column gb-grid-column-01970041\"><div class=\"gb-container gb-container-01970041\"><div class=\"gb-inside-container\"><\/div><\/div><\/div>\n<\/div>\n<\/div><\/div><\/div>\n<\/div>\n<\/div>\n<\/div>\n","protected":false},"excerpt":{"rendered":"","protected":false},"author":1,"featured_media":0,"parent":0,"menu_order":0,"comment_status":"closed","ping_status":"closed","template":"","meta":{"_monsterinsights_skip_tracking":false,"_monsterinsights_sitenote_active":false,"_monsterinsights_sitenote_note":"","_monsterinsights_sitenote_category":0,"footnotes":""},"class_list":["post-5803","page","type-page","status-publish"],"featured_image_urls_v2":{"full":"","thumbnail":"","medium":"","medium_large":"","large":"","1536x1536":"","2048x2048":""},"post_excerpt_stackable_v2":"<p>L\u2019\u00c9L\u00c9PHANT ET LES QUATRE AVEUGLES Court-m\u00e9trage d\u2019animation, 8 minR\u00e9alisateur Vladimir PetkevichAnimation sable sur verre Synopsis Un jour, quatre aveugles rencontrent pour la premi\u00e8re fois un \u00e9l\u00e9phant. En le touchant les diff\u00e9rentes parties de son corps, ils se mettent \u00e0 le d\u00e9crire en d\u00e9duisant toutes sortes de repr\u00e9sentations diff\u00e9rentes. D\u2019apr\u00e8s une fable indienne.<\/p>\n","category_list_v2":"","author_info_v2":{"name":"admin3054","url":"https:\/\/imakafilms.com\/index.php\/author\/admin3054\/"},"comments_num_v2":"0 comments","uagb_featured_image_src":{"full":false,"thumbnail":false,"medium":false,"medium_large":false,"large":false,"1536x1536":false,"2048x2048":false},"uagb_author_info":{"display_name":"admin3054","author_link":"https:\/\/imakafilms.com\/index.php\/author\/admin3054\/"},"uagb_comment_info":0,"uagb_excerpt":null,"_links":{"self":[{"href":"https:\/\/imakafilms.com\/index.php\/wp-json\/wp\/v2\/pages\/5803","targetHints":{"allow":["GET"]}}],"collection":[{"href":"https:\/\/imakafilms.com\/index.php\/wp-json\/wp\/v2\/pages"}],"about":[{"href":"https:\/\/imakafilms.com\/index.php\/wp-json\/wp\/v2\/types\/page"}],"author":[{"embeddable":true,"href":"https:\/\/imakafilms.com\/index.php\/wp-json\/wp\/v2\/users\/1"}],"replies":[{"embeddable":true,"href":"https:\/\/imakafilms.com\/index.php\/wp-json\/wp\/v2\/comments?post=5803"}],"version-history":[{"count":7,"href":"https:\/\/imakafilms.com\/index.php\/wp-json\/wp\/v2\/pages\/5803\/revisions"}],"predecessor-version":[{"id":6026,"href":"https:\/\/imakafilms.com\/index.php\/wp-json\/wp\/v2\/pages\/5803\/revisions\/6026"}],"wp:attachment":[{"href":"https:\/\/imakafilms.com\/index.php\/wp-json\/wp\/v2\/media?parent=5803"}],"curies":[{"name":"wp","href":"https:\/\/api.w.org\/{rel}","templated":true}]}}