{"id":5800,"date":"2021-09-15T13:13:30","date_gmt":"2021-09-15T11:13:30","guid":{"rendered":"https:\/\/imakafilms.com\/?page_id=5800"},"modified":"2022-11-14T16:22:53","modified_gmt":"2022-11-14T15:22:53","slug":"ufo-2","status":"publish","type":"page","link":"https:\/\/imakafilms.com\/index.php\/ufo-2\/","title":{"rendered":"fiche ufo"},"content":{"rendered":"\n<div class=\"alignwide wp-block-ugb-video-popup ugb-video-popup ugb-daa6c4d ugb-video-popup--v3 ugb-main-block\"><style>.ugb-daa6c4d .ugb-video-popup__wrapper{max-width:1619px;border-radius:0px;background-color:var(u002du002dstk-global-color-58632,#ffffff);background-image:url(http:\/\/imakafilms.com\/wp-content\/uploads\/2021\/09\/UFO.jpg)}.ugb-daa6c4d .ugb-video-popup__play-button svg{fill:#ffffff !important;height:113px;width:113px;opacity:1}.ugb-daa6c4d .ugb-video-popup__wrapper:before{background-color:var(u002du002dstk-global-color-58632,#ffffff);opacity:0.4}.ugb-daa6c4d .ugb-video-popup__wrapper:hover:before{opacity:0.7}<\/style><div class=\"ugb-inner-block\"><div class=\"ugb-block-content\"><div class=\"ugb-video-popup__wrapper ugb--shadow-2 ugb--has-background-overlay\" data-video=\"597787192\"><button class=\"ugb-video-popup__overlay\" aria-label=\"Play\"><span class=\"ugb-video-popup__play-button\"><svg xmlns=\"http:\/\/www.w3.org\/2000\/svg\" viewBox=\"0 0 40 40\" class=\"ugb-play-button-cirle\" width=\"50\" height=\"50\"><path d=\"M16 29l12-9-12-9v18zm4-29C8.95 0 0 8.95 0 20s8.95 20 20 20 20-8.95 20-20S31.05 0 20 0zm0 36c-8.82 0-16-7.18-16-16S11.18 4 20 4s16 7.18 16 16-7.18 16-16 16z\"><\/path><\/svg><\/span><\/button><\/div><\/div><\/div><\/div>\n\n\n\n<div class=\"wp-block-columns is-layout-flex wp-container-core-columns-is-layout-9d6595d7 wp-block-columns-is-layout-flex\">\n<div class=\"wp-block-column is-layout-flow wp-block-column-is-layout-flow\" style=\"flex-basis:100%\">\n<div class=\"wp-block-columns is-layout-flex wp-container-core-columns-is-layout-9d6595d7 wp-block-columns-is-layout-flex\">\n<div class=\"wp-block-column is-layout-flow wp-block-column-is-layout-flow\" style=\"flex-basis:100%\"><div class=\"gb-container gb-container-471330b2\"><div class=\"gb-inside-container\">\n<div class=\"gb-grid-wrapper gb-grid-wrapper-54f06fb2\">\n<div class=\"gb-grid-column gb-grid-column-dd026b2f\"><div class=\"gb-container gb-container-dd026b2f\"><div class=\"gb-inside-container\">\n\n<p class=\"gb-headline gb-headline-57c5d2d6 gb-headline-text\"><strong>ufo<\/strong><\/p>\n\n\n\n<p>\u2022 S\u00e9rie d\u2019animation de Alexey Alexeev<br>\u2022 Animation 2D ordinateur, 30 x 5\u2019<br>\u2022 Production \u00a9 Imaka Films<br>\u2022 En d\u00e9veloppement<\/p>\n\n<\/div><\/div><\/div>\n\n<div class=\"gb-grid-column gb-grid-column-3015315c\"><div class=\"gb-container gb-container-3015315c\"><div class=\"gb-inside-container\">\n\n<p><strong>Synopsis<\/strong><\/p>\n\n\n\n<p>De sympathiques extraterrestres, na\u00effs et gentils, arrivent sur terre pour essayer de communiquer avec tout ce qu\u2019ils rencontrent : v\u00e9g\u00e9taux, animaux, humains mais aussi toutes sortes d\u2019objets qu\u2019ils d\u00e9couvrent avec grande curiosit\u00e9. Dans chaque \u00e9pisode, ils se retrouveront dans des situations dro\u0302les, parfois cocasses, le plus souvent absurdes.<\/p>\n\n<\/div><\/div><\/div>\n<\/div>\n\n<div class=\"gb-grid-wrapper gb-grid-wrapper-2ee3cc24\">\n<div class=\"gb-grid-column gb-grid-column-02f03ee7\"><div class=\"gb-container gb-container-02f03ee7\"><div class=\"gb-inside-container\"><\/div><\/div><\/div>\n\n<div class=\"gb-grid-column gb-grid-column-01970041\"><div class=\"gb-container gb-container-01970041\"><div class=\"gb-inside-container\"><\/div><\/div><\/div>\n<\/div>\n<\/div><\/div><\/div>\n<\/div>\n<\/div>\n<\/div>\n","protected":false},"excerpt":{"rendered":"","protected":false},"author":1,"featured_media":0,"parent":0,"menu_order":0,"comment_status":"closed","ping_status":"closed","template":"","meta":{"_monsterinsights_skip_tracking":false,"_monsterinsights_sitenote_active":false,"_monsterinsights_sitenote_note":"","_monsterinsights_sitenote_category":0,"footnotes":""},"class_list":["post-5800","page","type-page","status-publish"],"featured_image_urls_v2":{"full":"","thumbnail":"","medium":"","medium_large":"","large":"","1536x1536":"","2048x2048":""},"post_excerpt_stackable_v2":"<p>ufo \u2022 S\u00e9rie d\u2019animation de Alexey Alexeev\u2022 Animation 2D ordinateur, 30 x 5\u2019\u2022 Production \u00a9 Imaka Films\u2022 En d\u00e9veloppement Synopsis De sympathiques extraterrestres, na\u00effs et gentils, arrivent sur terre pour essayer de communiquer avec tout ce qu\u2019ils rencontrent : v\u00e9g\u00e9taux, animaux, humains mais aussi toutes sortes d\u2019objets qu\u2019ils d\u00e9couvrent avec grande curiosit\u00e9. Dans chaque \u00e9pisode, ils se retrouveront dans des situations dro\u0302les, parfois cocasses, le plus souvent absurdes.<\/p>\n","category_list_v2":"","author_info_v2":{"name":"admin3054","url":"https:\/\/imakafilms.com\/index.php\/author\/admin3054\/"},"comments_num_v2":"0 comments","uagb_featured_image_src":{"full":false,"thumbnail":false,"medium":false,"medium_large":false,"large":false,"1536x1536":false,"2048x2048":false},"uagb_author_info":{"display_name":"admin3054","author_link":"https:\/\/imakafilms.com\/index.php\/author\/admin3054\/"},"uagb_comment_info":0,"uagb_excerpt":null,"_links":{"self":[{"href":"https:\/\/imakafilms.com\/index.php\/wp-json\/wp\/v2\/pages\/5800","targetHints":{"allow":["GET"]}}],"collection":[{"href":"https:\/\/imakafilms.com\/index.php\/wp-json\/wp\/v2\/pages"}],"about":[{"href":"https:\/\/imakafilms.com\/index.php\/wp-json\/wp\/v2\/types\/page"}],"author":[{"embeddable":true,"href":"https:\/\/imakafilms.com\/index.php\/wp-json\/wp\/v2\/users\/1"}],"replies":[{"embeddable":true,"href":"https:\/\/imakafilms.com\/index.php\/wp-json\/wp\/v2\/comments?post=5800"}],"version-history":[{"count":8,"href":"https:\/\/imakafilms.com\/index.php\/wp-json\/wp\/v2\/pages\/5800\/revisions"}],"predecessor-version":[{"id":6022,"href":"https:\/\/imakafilms.com\/index.php\/wp-json\/wp\/v2\/pages\/5800\/revisions\/6022"}],"wp:attachment":[{"href":"https:\/\/imakafilms.com\/index.php\/wp-json\/wp\/v2\/media?parent=5800"}],"curies":[{"name":"wp","href":"https:\/\/api.w.org\/{rel}","templated":true}]}}